{"id":499,"date":"2026-02-09T08:55:36","date_gmt":"2026-02-09T14:55:36","guid":{"rendered":"https:\/\/www.kikomartz.com\/portal\/?post_type=product&#038;p=499"},"modified":"2026-02-09T09:06:04","modified_gmt":"2026-02-09T15:06:04","slug":"se-solicitan-emprendedores-un-llamado-a-cambiar-el-futuro","status":"publish","type":"product","link":"https:\/\/www.kikomartz.com\/portal\/producto\/se-solicitan-emprendedores-un-llamado-a-cambiar-el-futuro\/","title":{"rendered":"Se Solicitan Emprendedores: Un llamado a cambiar el futuro"},"content":{"rendered":"<p>\ud83d\udd25\u00a0<span class=\"a-text-bold\">\u00bfSigues buscando un empleo en un mundo donde los empleos est\u00e1n desapareciendo?<\/span><\/p>\n<p>El modelo laboral que conoc\u00edamos est\u00e1 muriendo. La automatizaci\u00f3n, la inteligencia artificial y la globalizaci\u00f3n est\u00e1n reemplazando a los trabajadores m\u00e1s r\u00e1pido de lo que imaginamos. La pregunta no es\u00a0<span class=\"a-text-bold\">si te afectar\u00e1<\/span>, sino\u00a0<span class=\"a-text-bold\">cu\u00e1ndo.<\/span><\/p>\n<p>\ud83d\udce2\u00a0<span class=\"a-text-bold\">Este libro no es una teor\u00eda ni una motivaci\u00f3n vac\u00eda. Es un llamado urgente a la acci\u00f3n.<\/span><\/p>\n<p>\ud83d\udd39\u00a0<span class=\"a-text-italic\">Se Solicitan Emprendedores<\/span>\u00a0es para ti si:<br \/>\n\u2705 Quieres dejar de depender de un sueldo y empezar a generar tus propias oportunidades.<br \/>\n\u2705 Buscas desarrollar una\u00a0<span class=\"a-text-bold\">mentalidad emprendedora<\/span>\u00a0y adaptarte al nuevo mundo.<br \/>\n\u2705 No quieres quedarte obsoleto en la era de la automatizaci\u00f3n.<br \/>\n\u2705 Quieres aprender\u00a0<span class=\"a-text-bold\">c\u00f3mo emprender desde cero<\/span>, sin capital inicial.<\/p>\n<p>\ud83d\udca1\u00a0<span class=\"a-text-bold\">Lo que aprender\u00e1s en este libro:<\/span><br \/>\n\u2714 C\u00f3mo romper con la mentalidad de empleado y pensar como emprendedor.<br \/>\n\u2714 Estrategias pr\u00e1cticas para iniciar un negocio sin inversi\u00f3n.<br \/>\n\u2714 C\u00f3mo adaptarte a los cambios del mercado y generar ingresos en la nueva econom\u00eda.<br \/>\n\u2714 Casos reales de \u00e9xito que te inspirar\u00e1n a dar el salto.<\/p>\n<p>\ud83d\ude80\u00a0<span class=\"a-text-bold\">El futuro no espera. El momento de actuar es AHORA.<\/span><\/p>\n<p>Compra\u00a0<span class=\"a-text-italic\">Se Solicitan Emprendedores<\/span>\u00a0hoy y comienza tu transformaci\u00f3n.\u00a0<span class=\"a-text-bold\">No busques empleo. Crea el futuro.<\/span><\/p>\n","protected":false},"excerpt":{"rendered":"<p>El modelo laboral que conoc\u00edamos est\u00e1 muriendo. La automatizaci\u00f3n, la inteligencia artificial y la globalizaci\u00f3n est\u00e1n reemplazando a los trabajadores m\u00e1s r\u00e1pido de lo que imaginamos. La pregunta no es si te afectar\u00e1, sino cu\u00e1ndo.<\/p>\n","protected":false},"featured_media":160,"comment_status":"open","ping_status":"closed","template":"","meta":{"_et_pb_use_builder":"","_et_pb_old_content":"","_et_gb_content_width":""},"product_brand":[20],"product_cat":[19],"product_tag":[21,22,27,28],"class_list":{"0":"post-499","1":"product","2":"type-product","3":"status-publish","4":"has-post-thumbnail","6":"product_brand-kikomartz","7":"product_cat-libros-digital","8":"product_tag-kikomartz","9":"product_tag-libros-digital","10":"product_tag-se-solicitan-emprendedores","11":"product_tag-sse","13":"first","14":"instock","15":"downloadable","16":"virtual","17":"purchasable","18":"product-type-simple"},"_links":{"self":[{"href":"https:\/\/www.kikomartz.com\/portal\/wp-json\/wp\/v2\/product\/499","targetHints":{"allow":["GET"]}}],"collection":[{"href":"https:\/\/www.kikomartz.com\/portal\/wp-json\/wp\/v2\/product"}],"about":[{"href":"https:\/\/www.kikomartz.com\/portal\/wp-json\/wp\/v2\/types\/product"}],"replies":[{"embeddable":true,"href":"https:\/\/www.kikomartz.com\/portal\/wp-json\/wp\/v2\/comments?post=499"}],"wp:featuredmedia":[{"embeddable":true,"href":"https:\/\/www.kikomartz.com\/portal\/wp-json\/wp\/v2\/media\/160"}],"wp:attachment":[{"href":"https:\/\/www.kikomartz.com\/portal\/wp-json\/wp\/v2\/media?parent=499"}],"wp:term":[{"taxonomy":"product_brand","embeddable":true,"href":"https:\/\/www.kikomartz.com\/portal\/wp-json\/wp\/v2\/product_brand?post=499"},{"taxonomy":"product_cat","embeddable":true,"href":"https:\/\/www.kikomartz.com\/portal\/wp-json\/wp\/v2\/product_cat?post=499"},{"taxonomy":"product_tag","embeddable":true,"href":"https:\/\/www.kikomartz.com\/portal\/wp-json\/wp\/v2\/product_tag?post=499"}],"curies":[{"name":"wp","href":"https:\/\/api.w.org\/{rel}","templated":true}]}}