{"id":497,"date":"2026-02-09T08:45:57","date_gmt":"2026-02-09T14:45:57","guid":{"rendered":"https:\/\/www.kikomartz.com\/portal\/?post_type=product&#038;p=497"},"modified":"2026-02-09T09:07:32","modified_gmt":"2026-02-09T15:07:32","slug":"el-juego-el-deporte-del-emprendedor","status":"publish","type":"product","link":"https:\/\/www.kikomartz.com\/portal\/producto\/el-juego-el-deporte-del-emprendedor\/","title":{"rendered":"El Juego: El Deporte del Emprendedor"},"content":{"rendered":"<p>Todos quieren ganar, pero pocos entienden las reglas del juego. El emprendimiento no es solo talento o suerte, es estrategia, trabajo en equipo y visi\u00f3n a largo plazo. As\u00ed como en el f\u00fatbol, necesitas aprender a moverte en la cancha, tomar decisiones bajo presi\u00f3n y liderar a tu equipo hasta la victoria.<\/p>\n<p><span class=\"a-text-bold\">\ud83d\udd25 En este libro aprender\u00e1s a:<\/span><br \/>\n\u2705 Aplicar las\u00a0<span class=\"a-text-bold\">mejores estrategias del f\u00fatbol al mundo de los negocios<\/span>.<br \/>\n\u2705\u00a0<span class=\"a-text-bold\">Evitar errores de principiante<\/span>\u00a0y competir en las grandes ligas del emprendimiento.<br \/>\n\u2705 Medir el desempe\u00f1o de tu equipo con los\u00a0<span class=\"a-text-bold\">KPIs correctos, sin premiar a los que solo \u00abcorren\u00bb sin rumbo<\/span>.<br \/>\n\u2705\u00a0<span class=\"a-text-bold\">Construir un liderazgo fuerte y efectivo<\/span>, con herramientas pr\u00e1cticas.<br \/>\n\u2705 Filtrar las opiniones de los \u00abfan\u00e1ticos\u00bb que critican sin entender el juego.<\/p>\n<p><span class=\"a-text-bold\">\u00bfPara qui\u00e9n es este libro?<\/span><br \/>\n\ud83d\udd39 Emprendedores que buscan un enfoque claro y pr\u00e1ctico para hacer crecer su negocio.<br \/>\n\ud83d\udd39 L\u00edderes y gerentes que quieren aprender a\u00a0<span class=\"a-text-bold\">estructurar y dirigir equipos de alto rendimiento<\/span>.<br \/>\n\ud83d\udd39 Apasionados del f\u00fatbol que quieren aplicar sus t\u00e1cticas favoritas en la cancha de los negocios.<\/p>\n<p><span class=\"a-text-bold\">No importa en qu\u00e9 liga est\u00e9s hoy, este libro te dar\u00e1 las estrategias para ascender al siguiente nivel.<\/span><\/p>\n<p>\ud83d\udce2\u00a0<span class=\"a-text-bold\">Toma el bal\u00f3n, entra al juego y aprende a ganar en el emprendimiento.<\/span><\/p>\n","protected":false},"excerpt":{"rendered":"<p><span class=\"a-text-bold\">\u00bfY si el emprendimiento fuera como el f\u00fatbol?<\/span><\/p>\n<p>Todos quieren ganar, pero pocos entienden las reglas del juego.\u00a0<span class=\"a-text-bold\">El emprendimiento no es solo talento o suerte, es estrategia, trabajo en equipo y visi\u00f3n a largo plazo<\/span>. As\u00ed como en el f\u00fatbol, necesitas aprender a moverte en la cancha, tomar decisiones bajo presi\u00f3n y liderar a tu equipo hasta la victoria.<\/p>\n","protected":false},"featured_media":161,"comment_status":"open","ping_status":"closed","template":"","meta":{"_et_pb_use_builder":"","_et_pb_old_content":"","_et_gb_content_width":""},"product_brand":[20],"product_cat":[19],"product_tag":[25,21,22],"class_list":{"0":"post-497","1":"product","2":"type-product","3":"status-publish","4":"has-post-thumbnail","6":"product_brand-kikomartz","7":"product_cat-libros-digital","8":"product_tag-el-juego","9":"product_tag-kikomartz","10":"product_tag-libros-digital","12":"first","13":"instock","14":"downloadable","15":"virtual","16":"purchasable","17":"product-type-simple"},"_links":{"self":[{"href":"https:\/\/www.kikomartz.com\/portal\/wp-json\/wp\/v2\/product\/497","targetHints":{"allow":["GET"]}}],"collection":[{"href":"https:\/\/www.kikomartz.com\/portal\/wp-json\/wp\/v2\/product"}],"about":[{"href":"https:\/\/www.kikomartz.com\/portal\/wp-json\/wp\/v2\/types\/product"}],"replies":[{"embeddable":true,"href":"https:\/\/www.kikomartz.com\/portal\/wp-json\/wp\/v2\/comments?post=497"}],"wp:featuredmedia":[{"embeddable":true,"href":"https:\/\/www.kikomartz.com\/portal\/wp-json\/wp\/v2\/media\/161"}],"wp:attachment":[{"href":"https:\/\/www.kikomartz.com\/portal\/wp-json\/wp\/v2\/media?parent=497"}],"wp:term":[{"taxonomy":"product_brand","embeddable":true,"href":"https:\/\/www.kikomartz.com\/portal\/wp-json\/wp\/v2\/product_brand?post=497"},{"taxonomy":"product_cat","embeddable":true,"href":"https:\/\/www.kikomartz.com\/portal\/wp-json\/wp\/v2\/product_cat?post=497"},{"taxonomy":"product_tag","embeddable":true,"href":"https:\/\/www.kikomartz.com\/portal\/wp-json\/wp\/v2\/product_tag?post=497"}],"curies":[{"name":"wp","href":"https:\/\/api.w.org\/{rel}","templated":true}]}}