{"id":490,"date":"2026-02-09T08:13:28","date_gmt":"2026-02-09T14:13:28","guid":{"rendered":"https:\/\/www.kikomartz.com\/portal\/?post_type=product&#038;p=490"},"modified":"2026-03-31T13:29:34","modified_gmt":"2026-03-31T19:29:34","slug":"la-herencia-el-juego-universal","status":"publish","type":"product","link":"https:\/\/www.kikomartz.com\/portal\/producto\/la-herencia-el-juego-universal\/","title":{"rendered":"La Herencia: El Juego Universal"},"content":{"rendered":"<p>Herencia no siempre es legado. A veces es condena.<\/p>\n<p>En un mundo donde el poder no se gana, se hereda, Kiko Martz cuestiona la regla que mantiene intacto al sistema: la sucesi\u00f3n.<br \/>\nLa Herencia: El Juego Universal expone c\u00f3mo la desigualdad no es consecuencia, sino dise\u00f1o&#8230; y c\u00f3mo todos jugamos bajo normas que jam\u00e1s firmamos.<\/p>\n<p>Este no es un libro de econom\u00eda, ni de autoayuda.<br \/>\nEs una provocaci\u00f3n con ilustraciones, analog\u00edas y una verdad inc\u00f3moda:<br \/>\nsi no heredas, trabajas para quien s\u00ed lo hizo.<\/p>\n<p>La pregunta ya no es si el juego es justo.<br \/>\nLa pregunta es: \u00bfte atrever\u00edas a cambiar las reglas?<\/p>\n<p>&nbsp;<\/p>\n","protected":false},"excerpt":{"rendered":"<p><strong>La Herencia: El Juego Universal<\/strong> no es una gu\u00eda, ni una queja. Es una bomba. Una cr\u00edtica directa, ilustrada y despiadadamente honesta sobre la \u00fanica regla que nadie se atreve a cuestionar: la sucesi\u00f3n.<\/p>\n<p>Este libro no busca entretener con un juego\u2026 sino invitarte a cuestionar por qu\u00e9 seguimos jugando con reglas que no elegimos.<\/p>\n","protected":false},"featured_media":352,"comment_status":"open","ping_status":"closed","template":"","meta":{"_et_pb_use_builder":"","_et_pb_old_content":"","_et_gb_content_width":""},"product_brand":[20],"product_cat":[19],"product_tag":[23,21,22,24],"class_list":{"0":"post-490","1":"product","2":"type-product","3":"status-publish","4":"has-post-thumbnail","6":"product_brand-kikomartz","7":"product_cat-libros-digital","8":"product_tag-herencia","9":"product_tag-kikomartz","10":"product_tag-libros-digital","11":"product_tag-z","13":"first","14":"instock","15":"downloadable","16":"virtual","17":"purchasable","18":"product-type-simple"},"_links":{"self":[{"href":"https:\/\/www.kikomartz.com\/portal\/wp-json\/wp\/v2\/product\/490","targetHints":{"allow":["GET"]}}],"collection":[{"href":"https:\/\/www.kikomartz.com\/portal\/wp-json\/wp\/v2\/product"}],"about":[{"href":"https:\/\/www.kikomartz.com\/portal\/wp-json\/wp\/v2\/types\/product"}],"replies":[{"embeddable":true,"href":"https:\/\/www.kikomartz.com\/portal\/wp-json\/wp\/v2\/comments?post=490"}],"wp:featuredmedia":[{"embeddable":true,"href":"https:\/\/www.kikomartz.com\/portal\/wp-json\/wp\/v2\/media\/352"}],"wp:attachment":[{"href":"https:\/\/www.kikomartz.com\/portal\/wp-json\/wp\/v2\/media?parent=490"}],"wp:term":[{"taxonomy":"product_brand","embeddable":true,"href":"https:\/\/www.kikomartz.com\/portal\/wp-json\/wp\/v2\/product_brand?post=490"},{"taxonomy":"product_cat","embeddable":true,"href":"https:\/\/www.kikomartz.com\/portal\/wp-json\/wp\/v2\/product_cat?post=490"},{"taxonomy":"product_tag","embeddable":true,"href":"https:\/\/www.kikomartz.com\/portal\/wp-json\/wp\/v2\/product_tag?post=490"}],"curies":[{"name":"wp","href":"https:\/\/api.w.org\/{rel}","templated":true}]}}